{"id":50,"date":"2024-08-14T19:05:55","date_gmt":"2024-08-14T17:05:55","guid":{"rendered":"https:\/\/byggstand.no\/?page_id=50"},"modified":"2025-05-20T18:02:18","modified_gmt":"2025-05-20T16:02:18","slug":"arrangementer","status":"publish","type":"page","link":"https:\/\/byggstand.no\/en\/arrangementer\/","title":{"rendered":"Events"},"content":{"rendered":"<p>[et_pb_section fb_built=&raquo;1&#8243; custom_padding_last_edited=&raquo;on|phone&raquo; _builder_version=&raquo;4.27.0&#8243; _module_preset=&raquo;default&raquo; background_image=&raquo;<a href=\"https:\/\/byggstand.no\/wp-content\/uploads\/2024\/08\/Hero-bg-1.webp&#038;raquo\">https:\/\/byggstand.no\/wp-content\/uploads\/2024\/08\/Hero-bg-1.webp&#038;raquo<\/a>; custom_padding=&raquo;180px||60px||false|false&raquo; custom_padding_tablet=&raquo;140px||48px||false|false&raquo; custom_padding_phone=&raquo;140px||48px||false|false&raquo; background_position_phone=&raquo;bottom_left&raquo; global_colors_info=&raquo;{}&raquo;][et_pb_row column_structure=&raquo;1_2,1_2&#8243; _builder_version=&raquo;4.27.0&#8243; _module_preset=&raquo;default&raquo; global_colors_info=&raquo;{}&raquo;][et_pb_column type=&raquo;1_2&#8243; _builder_version=&raquo;4.27.0&#8243; _module_preset=&raquo;default&raquo; global_colors_info=&raquo;{}&raquo;][et_pb_text _builder_version=&raquo;4.27.0&#8243; _dynamic_attributes=&raquo;content&raquo; _module_preset=&raquo;default&raquo; header_text_color=&raquo;gcid-secondary-color&raquo; custom_margin=&raquo;||0px||false|false&raquo; custom_padding=&raquo;||24px||false|false&raquo; global_colors_info=&raquo;{%22gcid-secondary-color%22:%91%22header_text_color%22%93}&raquo;]@ET-DC@eyJkeW5hbWljIjp0cnVlLCJjb250ZW50IjoicG9zdF90aXRsZSIsInNldHRpbmdzIjp7ImJlZm9yZSI6IjxoMT4iLCJhZnRlciI6IjwvaDE+In19@[\/et_pb_text][et_pb_text _builder_version=&raquo;4.27.0&#8243; _module_preset=&raquo;default&raquo; text_font=&raquo;|300|||||||&raquo; text_text_color=&raquo;gcid-secondary-color&raquo; custom_margin=&raquo;||0px||false|false&raquo; custom_padding=&raquo;||24px||false|false&raquo; global_colors_info=&raquo;{%22gcid-secondary-color%22:%91%22text_text_color%22%93}&raquo;]V\u00e5re arrangementer er m\u00f8teplasser for alle som er engasjert i byggen\u00e6ringens digitalisering. Her samles fagfolk fra hele verdikjeden for \u00e5 dele innsikt, diskutere trender, og samarbeide om innovative prosjekter. <\/p>\n<p>Enten du er produsent, entrepren\u00f8r, eller jobber med handel, gir v\u00e5re arrangementer en unik mulighet til \u00e5 utvide ditt nettverk og holde deg oppdatert p\u00e5 de nyeste standardene og beste praksisene i bransjen.[\/et_pb_text][\/et_pb_column][et_pb_column type=&raquo;1_2&#8243; _builder_version=&raquo;4.27.0&#8243; _module_preset=&raquo;default&raquo; global_colors_info=&raquo;{}&raquo;][et_pb_image src=&raquo;<a href=\"https:\/\/byggstand.no\/wp-content\/uploads\/2024\/08\/Arrangementer-img-2.webp&#038;raquo\">https:\/\/byggstand.no\/wp-content\/uploads\/2024\/08\/Arrangementer-img-2.webp&#038;raquo<\/a>; _builder_version=&raquo;4.27.0&#8243; _module_preset=&raquo;default&raquo; border_radii=&raquo;on|10px|10px|10px|10px&raquo; box_shadow_style=&raquo;preset3&#8243; box_shadow_vertical=&raquo;10px&raquo; box_shadow_blur=&raquo;10px&raquo; global_colors_info=&raquo;{}&raquo;][\/et_pb_image][\/et_pb_column][\/et_pb_row][\/et_pb_section][et_pb_section fb_built=&raquo;1&#8243; custom_padding_last_edited=&raquo;on|tablet&raquo; _builder_version=&raquo;4.27.0&#8243; _module_preset=&raquo;default&raquo; background_enable_color=&raquo;off&raquo; custom_padding_tablet=&raquo;48px||48px||true|false&raquo; custom_padding_phone=&raquo;48px||48px||true|false&raquo; global_colors_info=&raquo;{%22gcid-aa781f3e-6be2-4e5a-8c13-35dbbbd235ad%22:%91%22background_color%22%93}&raquo;][et_pb_row use_custom_gutter=&raquo;on&raquo; make_equal=&raquo;on&raquo; _builder_version=&raquo;4.27.0&#8243; _module_preset=&raquo;default&raquo; custom_padding=&raquo;0px||24px||false|false&raquo; global_colors_info=&raquo;{}&raquo;][et_pb_column type=&raquo;4_4&#8243; module_class=&raquo;ds-vertical-align&raquo; _builder_version=&raquo;4.27.0&#8243; _module_preset=&raquo;default&raquo; global_colors_info=&raquo;{}&raquo;][et_pb_text _builder_version=&raquo;4.27.0&#8243; _module_preset=&raquo;default&raquo; custom_margin=&raquo;||0px||false|false&raquo; custom_padding=&raquo;||0px||false|false&raquo; global_colors_info=&raquo;{}&raquo;]<\/p>\n<h2>Arrangementer<\/h2>\n<p>[\/et_pb_text][et_pb_text _builder_version=&raquo;4.27.0&#8243; _module_preset=&raquo;default&raquo; text_font=&raquo;|300|||||||&raquo; global_colors_info=&raquo;{}&raquo;]<\/p>\n<p>Vi jobber for tiden med \u00e5 etablere nye prosjekter og arrangementer som vi snart vil dele med deg.<br \/>F\u00f8lg med for kommende oppdateringer og muligheter til \u00e5 delta i fremtidige arrangementer!<\/p>\n<p>[\/et_pb_text][\/et_pb_column][\/et_pb_row][\/et_pb_section][et_pb_section fb_built=&raquo;1&#8243; custom_padding_last_edited=&raquo;on|phone&raquo; _builder_version=&raquo;4.27.0&#8243; _module_preset=&raquo;default&raquo; background_enable_color=&raquo;off&raquo; custom_padding=&raquo;0px||0px||true|false&raquo; custom_padding_tablet=&raquo;48px||48px||true|false&raquo; custom_padding_phone=&raquo;48px||48px||true|false&raquo; global_module=&raquo;556&#8243; global_colors_info=&raquo;{%22gcid-eebb1829-4b67-4dfc-8ea9-71bb39d9e180%22:%91%22background_color%22%93}&raquo;][et_pb_row column_structure=&raquo;1_3,1_3,1_3&#8243; use_custom_gutter=&raquo;on&raquo; gutter_width=&raquo;2&#8243; _builder_version=&raquo;4.27.0&#8243; _module_preset=&raquo;default&raquo; global_colors_info=&raquo;{}&raquo;][et_pb_column type=&raquo;1_3&#8243; _builder_version=&raquo;4.27.0&#8243; _module_preset=&raquo;default&raquo; global_colors_info=&raquo;{}&raquo;][dsm_card title=&raquo;Dato: 19.05.2025 &raquo; subtitle=&raquo;Innovasjon og effektivisering i byggen\u00e6ringen&raquo; image=&raquo;<a href=\"https:\/\/byggstand.no\/wp-content\/uploads\/2024\/08\/Prosjekter-img-2.webp&#038;raquo\">https:\/\/byggstand.no\/wp-content\/uploads\/2024\/08\/Prosjekter-img-2.webp&#038;raquo<\/a>; image_as_background=&raquo;off&raquo; content_padding=&raquo;20px|0px|0px|0px|false|true&raquo; button_text=&raquo;Last ned presentasjoner&raquo; button_url=&raquo;<a href=\"https:\/\/drive.google.com\/file\/d\/1Umy01cG472_JNsmOV8cKXKn8wF5iombZ\/view?usp=sharing&#038;raquo\" rel=\"nofollow\">https:\/\/drive.google.com\/file\/d\/1Umy01cG472_JNsmOV8cKXKn8wF5iombZ\/view?usp=sharing&#038;raquo<\/a>; button_url_new_window=&raquo;on&raquo; module_class=&raquo;custom-video&raquo; _builder_version=&raquo;4.27.0&#8243; _module_preset=&raquo;default&raquo; header_font=&raquo;|600|||||||&raquo; header_text_color=&raquo;gcid-6785774c-7d95-40da-aff8-f5cdce3beb92&#8243; header_font_size=&raquo;16px&raquo; body_font=&raquo;|300|||||||&raquo; body_font_size=&raquo;18px&raquo; body_line_height=&raquo;150%&raquo; subhead_font_size=&raquo;22px&raquo; subhead_line_height=&raquo;140%&raquo; custom_button=&raquo;on&raquo; button_text_size=&raquo;16px&raquo; button_text_color=&raquo;gcid-primary-color&raquo; button_bg_color=&raquo;RGBA(255,255,255,0)&raquo; button_border_color=&raquo;gcid-6785774c-7d95-40da-aff8-f5cdce3beb92&#8243; button_border_radius=&raquo;50px&raquo; button_use_icon=&raquo;off&raquo; button_custom_padding=&raquo;10px|48px|10px|48px|true|true&raquo; hover_enabled=&raquo;0&#8243; subhead_font_size_tablet=&raquo;20px&raquo; subhead_font_size_phone=&raquo;20px&raquo; subhead_font_size_last_edited=&raquo;on|desktop&raquo; button_bg_color_last_edited=&raquo;off|desktop&raquo; border_radii_image=&raquo;on|10px|10px|10px|10px&raquo; box_shadow_style_button=&raquo;preset3&#8243; box_shadow_vertical_button=&raquo;10px&raquo; box_shadow_blur_button=&raquo;10px&raquo; global_colors_info=&raquo;{%22gcid-6785774c-7d95-40da-aff8-f5cdce3beb92%22:%91%22header_text_color%22,%22button_border_color%22,%22button_bg_color__hover%22%93,%22gcid-primary-color%22:%91%22button_text_color%22%93,%22gcid-secondary-color%22:%91%22button_text_color__hover%22%93}&raquo; button_bg_color__hover_enabled=&raquo;on|hover&raquo; button_bg_color__hover=&raquo;#ff6711&#8243; button_bg_enable_color__hover=&raquo;on&raquo; button_text_color__hover_enabled=&raquo;on|hover&raquo; button_text_color__hover=&raquo;#ffffff&raquo; sticky_enabled=&raquo;0&#8243;]<\/p>\n<p><span>Vi hadde gleden av \u00e5 arrangere en dag fylt med innsikt, innovasjon og inspirerende diskusjoner. Vi m\u00f8tte bransjens ledere og utforsket de nyeste trendene innen effektivisering i byggen\u00e6ringen.<\/span><strong><\/strong><\/p>\n<h6><strong>Du kan laste ned presentasjonene fra arrangementet her.\u00a0<\/strong><\/h6>\n<p>&nbsp;<\/p>\n<p><strong><\/strong><\/p>\n<h6><strong>Dato: 19.05.2025<\/strong><\/h6>\n<h6><strong>Tid: 12:00-15:30<\/strong><\/h6>\n<h6><strong>Sted: Hovedorganisasjonen Virke, Henrik Ibsens Gate 90<\/strong><\/h6>\n<p>[\/dsm_card][\/et_pb_column][et_pb_column type=&raquo;1_3&#8243; _builder_version=&raquo;4.27.0&#8243; _module_preset=&raquo;default&raquo; global_colors_info=&raquo;{}&raquo;][\/et_pb_column][et_pb_column type=&raquo;1_3&#8243; _builder_version=&raquo;4.27.0&#8243; _module_preset=&raquo;default&raquo; global_colors_info=&raquo;{}&raquo;][\/et_pb_column][\/et_pb_row][\/et_pb_section][et_pb_section fb_built=&raquo;1&#8243; custom_padding_last_edited=&raquo;on|tablet&raquo; _builder_version=&raquo;4.27.0&#8243; _module_preset=&raquo;default&raquo; background_enable_color=&raquo;off&raquo; custom_padding=&raquo;48px||96px||false|false&raquo; custom_padding_tablet=&raquo;48px||48px||true|false&raquo; custom_padding_phone=&raquo;48px||48px||true|false&raquo; global_colors_info=&raquo;{%22gcid-aa781f3e-6be2-4e5a-8c13-35dbbbd235ad%22:%91%22background_color%22%93}&raquo;][et_pb_row use_custom_gutter=&raquo;on&raquo; make_equal=&raquo;on&raquo; _builder_version=&raquo;4.27.0&#8243; _module_preset=&raquo;default&raquo; custom_padding=&raquo;0px||24px||false|false&raquo; global_colors_info=&raquo;{}&raquo;][et_pb_column type=&raquo;4_4&#8243; module_class=&raquo;ds-vertical-align&raquo; _builder_version=&raquo;4.27.0&#8243; _module_preset=&raquo;default&raquo; global_colors_info=&raquo;{}&raquo;][et_pb_text _builder_version=&raquo;4.27.0&#8243; _module_preset=&raquo;default&raquo; custom_margin=&raquo;||0px||false|false&raquo; custom_padding=&raquo;||0px||false|false&raquo; global_colors_info=&raquo;{}&raquo;]<\/p>\n<h2>Motta invitasjoner til kurs og webinarer p\u00e5 e-post<\/h2>\n<p>[\/et_pb_text][et_pb_text _builder_version=&raquo;4.27.0&#8243; _module_preset=&raquo;default&raquo; text_font=&raquo;|300|||||||&raquo; global_colors_info=&raquo;{}&raquo;]<\/p>\n<p>Registrer deg under her og vi vil sende deg -eposter omwebinarer og kurs som kan v\u00e6re aktuelle for deg<\/p>\n<p>[\/et_pb_text][et_pb_contact_form captcha=&raquo;off&raquo; email=&raquo;david@amenti.no&raquo; custom_message=&raquo;E-post: %%E-post%%||et_pb_line_break_holder||Fornavn: %%Fornavn%%||et_pb_line_break_holder||Etternavn: %%Etternavn%%&raquo; success_message=&raquo;Takk for henvendelsen din. Du er n\u00e5 p\u00e5meldt og vil motta invitasjon til kommende webinarer.&raquo; submit_button_text=&raquo;Meld meg p\u00e5&raquo; module_class=&raquo;custom-form&raquo; _builder_version=&raquo;4.27.0&#8243; _module_preset=&raquo;default&raquo; _unique_id=&raquo;185d8a51-aa27-4e04-a5e4-3f77f151c8e4&#8243; form_field_background_color=&raquo;gcid-aa781f3e-6be2-4e5a-8c13-35dbbbd235ad&raquo; custom_button=&raquo;on&raquo; button_text_size=&raquo;16px&raquo; button_text_color=&raquo;gcid-secondary-color&raquo; button_bg_color=&raquo;gcid-6785774c-7d95-40da-aff8-f5cdce3beb92&#8243; button_border_width=&raquo;0px&raquo; button_border_radius=&raquo;50px&raquo; button_use_icon=&raquo;off&raquo; button_custom_padding=&raquo;10px|24px|10px|24px|true|true&raquo; border_radii=&raquo;on|8px|8px|8px|8px&raquo; border_width_all=&raquo;1px&raquo; box_shadow_style_button=&raquo;preset3&#8243; box_shadow_vertical_button=&raquo;10px&raquo; box_shadow_blur_button=&raquo;10px&raquo; global_colors_info=&raquo;{%22gcid-aa781f3e-6be2-4e5a-8c13-35dbbbd235ad%22:%91%22form_field_background_color%22%93,%22gcid-secondary-color%22:%91%22button_text_color%22%93,%22gcid-6785774c-7d95-40da-aff8-f5cdce3beb92%22:%91%22button_bg_color%22%93}&raquo;][et_pb_contact_field field_id=&raquo;E-post&raquo; field_title=&raquo;E-post*&raquo; field_type=&raquo;email&raquo; fullwidth_field=&raquo;on&raquo; _builder_version=&raquo;4.27.0&#8243; global_colors_info=&raquo;{}&raquo; button_text_size__hover_enabled=&raquo;off&raquo; button_one_text_size__hover_enabled=&raquo;off&raquo; button_two_text_size__hover_enabled=&raquo;off&raquo; button_text_color__hover_enabled=&raquo;off&raquo; button_one_text_color__hover_enabled=&raquo;off&raquo; button_two_text_color__hover_enabled=&raquo;off&raquo; button_border_width__hover_enabled=&raquo;off&raquo; button_one_border_width__hover_enabled=&raquo;off&raquo; button_two_border_width__hover_enabled=&raquo;off&raquo; button_border_color__hover_enabled=&raquo;off&raquo; button_one_border_color__hover_enabled=&raquo;off&raquo; button_two_border_color__hover_enabled=&raquo;off&raquo; button_border_radius__hover_enabled=&raquo;off&raquo; button_one_border_radius__hover_enabled=&raquo;off&raquo; button_two_border_radius__hover_enabled=&raquo;off&raquo; button_letter_spacing__hover_enabled=&raquo;off&raquo; button_one_letter_spacing__hover_enabled=&raquo;off&raquo; button_two_letter_spacing__hover_enabled=&raquo;off&raquo; button_bg_color__hover_enabled=&raquo;off&raquo; button_one_bg_color__hover_enabled=&raquo;off&raquo; button_two_bg_color__hover_enabled=&raquo;off&raquo;][\/et_pb_contact_field][et_pb_contact_field field_id=&raquo;Fornavn&raquo; field_title=&raquo;Fornavn*&raquo; fullwidth_field=&raquo;on&raquo; _builder_version=&raquo;4.27.0&#8243; _module_preset=&raquo;default&raquo; global_colors_info=&raquo;{}&raquo;][\/et_pb_contact_field][et_pb_contact_field field_id=&raquo;Etternavn&raquo; field_title=&raquo;Etternavn*&raquo; fullwidth_field=&raquo;on&raquo; _builder_version=&raquo;4.27.0&#8243; _module_preset=&raquo;default&raquo; global_colors_info=&raquo;{}&raquo;][\/et_pb_contact_field][et_pb_contact_field field_id=&raquo;Checkbox&raquo; field_title=&raquo; &raquo; field_type=&raquo;checkbox&raquo; checkbox_options=&raquo;%91{%22value%22:%22JA, jeg \u00f8nsker jevnlig \u00e5 motta invitasjon til aktuelle webinarer og kurs som tilbys i regi av Byggstand*%22,%22checked%22:0,%22dragID%22:-1}%93&#8243; fullwidth_field=&raquo;on&raquo; _builder_version=&raquo;4.27.0&#8243; _module_preset=&raquo;default&raquo; global_colors_info=&raquo;{}&raquo;][\/et_pb_contact_field][\/et_pb_contact_form][et_pb_text _builder_version=&raquo;4.27.0&#8243; _module_preset=&raquo;default&raquo; text_font=&raquo;|300|||||||&raquo; text_font_size=&raquo;14px&raquo; text_font_size_tablet=&raquo;14px&raquo; text_font_size_phone=&raquo;14px&raquo; text_font_size_last_edited=&raquo;on|phone&raquo; global_colors_info=&raquo;{}&raquo;]N\u00e5r du oppgir dine personopplysninger ovenfor, vil Byggstand behandle disse i samsvar med v\u00e5r personvernerkl\u00e6ring[\/et_pb_text][\/et_pb_column][\/et_pb_row][\/et_pb_section]<\/p>\n","protected":false},"excerpt":{"rendered":"<p>V\u00e5re arrangementer er m\u00f8teplasser for alle som er engasjert i byggen\u00e6ringens digitalisering. Her samles fagfolk fra hele verdikjeden for \u00e5 dele innsikt, diskutere trender, og samarbeide om innovative prosjekter. Enten du er produsent, entrepren\u00f8r, eller jobber med handel, gir v\u00e5re arrangementer en unik mulighet til \u00e5 utvide ditt nettverk og holde deg oppdatert p\u00e5 de nyeste standardene og beste praksisene i bransjen.ArrangementerVi jobber for tiden med \u00e5 etablere nye prosjekter og arrangementer som vi snart vil dele med deg.F\u00f8lg med for kommende oppdateringer og muligheter til \u00e5 delta i fremtidige arrangementer!<div class=\"et_pb_module dsm_card dsm_card_0 custom-video et_pb_bg_layout_light  dsm_card_layout_stacked\">\n\t\t\t\t\n\t\t\t\t\n\t\t\t\t\n\t\t\t\t\n\t\t\t\t\n\t\t\t\t\n\t\t\t\t<div class=\"et_pb_module_inner\">\n\t\t\t\t\t\n\t\t\t\n\t\t\t<figure class=\"dsm_card_image_wrapper dsm_card_badge_top_right\"><img decoding=\"async\" src=\"https:\/\/byggstand.no\/wp-content\/uploads\/2024\/08\/Prosjekter-img-2.webp\" alt=\"\" srcset=\"https:\/\/i0.wp.com\/byggstand.no\/wp-content\/uploads\/2024\/08\/Prosjekter-img-2.webp?w=800&ssl=1 800w, https:\/\/i0.wp.com\/byggstand.no\/wp-content\/uploads\/2024\/08\/Prosjekter-img-2.webp?resize=300%2C186&ssl=1 300w, https:\/\/i0.wp.com\/byggstand.no\/wp-content\/uploads\/2024\/08\/Prosjekter-img-2.webp?resize=768%2C475&ssl=1 768w, https:\/\/i0.wp.com\/byggstand.no\/wp-content\/uploads\/2024\/08\/Prosjekter-img-2.webp?resize=480%2C297&ssl=1 480w\" sizes=\"(max-width: 800px) 100vw, 800px\" class=\"dsm_card_img dsm_card_image_stretch\" \/><\/figure>\n\t\t\t<div class=\"et_pb_module dsm_card_wrapper et_pb_text_align_left\">\n\t\t\t\t\t\n\t\t\t\t\t<h4 class=\"dsm_card_title et_pb_module_header\">Dato: 19.05.2025 <\/h4>\n\t\t\t\t\t<div class=\"dsm_card_subtitle\">Innovasjon og effektivisering i byggen\u00e6ringen<\/div>\n\t\t\t\t\t<div class=\"dsm_card_description\">Vi hadde gleden av \u00e5 arrangere en dag fylt med innsikt, innovasjon og inspirerende diskusjoner. Vi m\u00f8tte bransjens ledere og utforsket de nyeste trendene innen effektivisering i byggen\u00e6ringen. Du kan laste ned presentasjonene fra arrangementet her.\u00a0 &nbsp; Dato: 19.05.2025 Tid: 12:00-15:30 Sted: Hovedorganisasjonen Virke, Henrik Ibsens Gate 90<\/div>\n\t\t\t\t\t<div class=\"et_pb_button_wrapper\"><a class=\"et_pb_button et_pb_more_button \" href=\"https:\/\/drive.google.com\/file\/d\/1Umy01cG472_JNsmOV8cKXKn8wF5iombZ\/view?usp=sharing\" target=\"_blank\">Last ned presentasjoner<\/a><\/div>\n\t\t\t\t<\/div>\n\t\t\t\n\t\t\t\t<\/div>\n\t\t\t<\/div>Motta invitasjoner til kurs og webinarer p\u00e5 e-postRegistrer deg under her og [&hellip;]<\/p>\n","protected":false},"author":254236805,"featured_media":0,"parent":0,"menu_order":0,"comment_status":"closed","ping_status":"closed","template":"","meta":{"_et_pb_use_builder":"on","_et_pb_old_content":"","_et_gb_content_width":"","advanced_seo_description":"","jetpack_seo_html_title":"","jetpack_seo_noindex":false,"jetpack_post_was_ever_published":false,"footnotes":""},"class_list":["post-50","page","type-page","status-publish","hentry"],"jetpack_likes_enabled":true,"jetpack_sharing_enabled":true,"jetpack_shortlink":"https:\/\/wp.me\/PfXSM4-O","_links":{"self":[{"href":"https:\/\/byggstand.no\/en\/wp-json\/wp\/v2\/pages\/50","targetHints":{"allow":["GET"]}}],"collection":[{"href":"https:\/\/byggstand.no\/en\/wp-json\/wp\/v2\/pages"}],"about":[{"href":"https:\/\/byggstand.no\/en\/wp-json\/wp\/v2\/types\/page"}],"author":[{"embeddable":true,"href":"https:\/\/byggstand.no\/en\/wp-json\/wp\/v2\/users\/254236805"}],"replies":[{"embeddable":true,"href":"https:\/\/byggstand.no\/en\/wp-json\/wp\/v2\/comments?post=50"}],"version-history":[{"count":23,"href":"https:\/\/byggstand.no\/en\/wp-json\/wp\/v2\/pages\/50\/revisions"}],"predecessor-version":[{"id":1113,"href":"https:\/\/byggstand.no\/en\/wp-json\/wp\/v2\/pages\/50\/revisions\/1113"}],"wp:attachment":[{"href":"https:\/\/byggstand.no\/en\/wp-json\/wp\/v2\/media?parent=50"}],"curies":[{"name":"wp","href":"https:\/\/api.w.org\/{rel}","templated":true}]}}